{"id":156,"date":"2013-03-15T14:57:21","date_gmt":"2013-03-15T13:57:21","guid":{"rendered":"http:\/\/sb-mannheim.badischer-schachverband.de\/wordpress\/\/?page_id=156"},"modified":"2021-08-03T23:14:04","modified_gmt":"2021-08-03T21:14:04","slug":"impressum","status":"publish","type":"page","link":"http:\/\/sb-mannheim.badischer-schachverband.de\/wordpress\/?page_id=156","title":{"rendered":"Impressum"},"content":{"rendered":"<p><span style=\"font-family: helvetica; font-size: 14px;\"><span style=\"font-size: 18px;\">Schachbezirk Mannheim e.V.<\/span> , <\/span><br \/>\neingetragen beim Amtsgericht Mannheim &#8211; Vereinsregister 700020<\/p>\n<p><b>Bankverbindung: <\/b><br \/>\nVR-Bank Rhein Neckar (Mannheim) BLZ: 67090000 Kto: 85772406<br \/>\nIBAN: DE88 6709 0000 0085 7724 06<br \/>\nBIC: GENODE61MA2<\/p>\n<p><b>Vertretungsberechtigt<\/b><br \/>\n1. Vorsitzender<br \/>\nRainer Molfenter, Finkenweg 4, 68809 Neulu\u00dfheim<br \/>\nTel: 06205\/34573<br \/>\neMail: <a href=\"mailto:rainer.molfenter@freenet.de\">rainer.molfenter@freenet.de<\/a><\/p>\n<p>Webmaster:<br \/>\nDr. Hans Dvorak, Br\u00fchler Str. 59, 68782 Br\u00fchl<br \/>\nTel: 06202\/77225<br \/>\neMail: <a href=\"mailto:dvorak_web@web.de\">dvorak_web@web.de<\/a><\/p>\n<p><b>Inhaltlich Verantwortlich gem\u00e4\u00df \u00a755 Abs.2 RStV<\/b><br \/>\nDie Vorstandschaft\u00a0 des Schachbezirkes Mannheim<\/p>\n<p><b>Haftungshinweis:<\/b><br \/>\nDer Schachbezirk Mannheim \u00fcbernimmt keinerlei Gew\u00e4hr f\u00fcr die Aktualit\u00e4t, Korrektheit oder Vollst\u00e4ndigkeit der bereitgestellten Informationen. Der Schachbezirk Mannheim beh\u00e4lt sich ausdr\u00fccklich vor, Teile der Seiten oder das gesamte Angebot ohne gesonderte Ank\u00fcndigung zu ver\u00e4ndern oder zu l\u00f6schen. Trotz sorgf\u00e4ltiger inhaltlicher Kontrolle \u00fcbernimmt der Schachbezirk Mannheim keine Haftung f\u00fcr die Inhalte externer Links. F\u00fcr den Inhalt der verlinkten Seiten sind ausschlie\u00dflich deren Betreiber verantwortlich.<br \/>\nGem\u00e4\u00df \u00a728 BDSG widersprechen wir jeder kommerziellen Verwendung und Weitergabe unserer Daten.<\/p>\n<p style=\"text-align: center;\"><span style=\"font-size: 12px;\">Nach einem Urteil des LG Hamburg vom 12. Mai 1998 zur &#8222;Haftung f\u00fcr Links&#8220; (Az.: 312 O 85\/98) hat<\/span><br \/>\n<span style=\"font-size: 12px;\">man durch die Anbringung eines Links die Inhalte der gelinkten Seite unter Umst\u00e4nden mit zu<\/span><br \/>\n<span style=\"font-size: 12px;\">verantworten, sofern man sich nicht ausdr\u00fccklich von diesen Inhalten distanziert. &#8222;Hiermit distanzieren<\/span><br \/>\n<span style=\"font-size: 12px;\">wir uns ausdr\u00fccklich von allen Inhalten aller von unserer Homepage gelinkten Seiten. Diese<\/span><br \/>\n<span style=\"font-size: 12px;\">Erkl\u00e4rung gilt f\u00fcr alle auf unserer Homepage angebrachten Links.&#8220;<\/span><\/p>\n<p>&nbsp;<\/p>\n<p style=\"text-align: center;\"><a href=\"http:\/\/www.disclaimer.de\/disclaimer.htm?farbe=FFFFFF\/000000\/000000\/000000\">Haftungsausschluss<\/a><\/p>\n","protected":false},"excerpt":{"rendered":"<p>Schachbezirk Mannheim e.V. , eingetragen beim Amtsgericht Mannheim &#8211; Vereinsregister 700020 Bankverbindung: VR-Bank Rhein Neckar (Mannheim) BLZ: 67090000 Kto: 85772406 IBAN: DE88 6709 0000 0085 7724 06 BIC: GENODE61MA2 Vertretungsberechtigt 1. Vorsitzender Rainer Molfenter, Finkenweg 4, 68809 Neulu\u00dfheim Tel: 06205\/34573 eMail: rainer.molfenter@freenet.de Webmaster: Dr. Hans Dvorak, Br\u00fchler Str. 59, 68782 Br\u00fchl Tel: 06202\/77225 eMail: dvorak_web@web.de [&hellip;]<\/p>\n","protected":false},"author":11,"featured_media":0,"parent":0,"menu_order":0,"comment_status":"closed","ping_status":"open","template":"","meta":{"footnotes":""},"class_list":["post-156","page","type-page","status-publish","hentry"],"_links":{"self":[{"href":"http:\/\/sb-mannheim.badischer-schachverband.de\/wordpress\/index.php?rest_route=\/wp\/v2\/pages\/156","targetHints":{"allow":["GET"]}}],"collection":[{"href":"http:\/\/sb-mannheim.badischer-schachverband.de\/wordpress\/index.php?rest_route=\/wp\/v2\/pages"}],"about":[{"href":"http:\/\/sb-mannheim.badischer-schachverband.de\/wordpress\/index.php?rest_route=\/wp\/v2\/types\/page"}],"author":[{"embeddable":true,"href":"http:\/\/sb-mannheim.badischer-schachverband.de\/wordpress\/index.php?rest_route=\/wp\/v2\/users\/11"}],"replies":[{"embeddable":true,"href":"http:\/\/sb-mannheim.badischer-schachverband.de\/wordpress\/index.php?rest_route=%2Fwp%2Fv2%2Fcomments&post=156"}],"version-history":[{"count":1,"href":"http:\/\/sb-mannheim.badischer-schachverband.de\/wordpress\/index.php?rest_route=\/wp\/v2\/pages\/156\/revisions"}],"predecessor-version":[{"id":2930,"href":"http:\/\/sb-mannheim.badischer-schachverband.de\/wordpress\/index.php?rest_route=\/wp\/v2\/pages\/156\/revisions\/2930"}],"wp:attachment":[{"href":"http:\/\/sb-mannheim.badischer-schachverband.de\/wordpress\/index.php?rest_route=%2Fwp%2Fv2%2Fmedia&parent=156"}],"curies":[{"name":"wp","href":"https:\/\/api.w.org\/{rel}","templated":true}]}}