{"id":269,"date":"2013-03-16T14:19:21","date_gmt":"2013-03-16T13:19:21","guid":{"rendered":"http:\/\/sb-mannheim.badischer-schachverband.de\/wordpress\/\/?page_id=269"},"modified":"2013-04-06T12:21:44","modified_gmt":"2013-04-06T10:21:44","slug":"links-2","status":"publish","type":"page","link":"http:\/\/sb-mannheim.badischer-schachverband.de\/wordpress\/?page_id=269","title":{"rendered":"Links"},"content":{"rendered":"<p><span style=\"font-family: helvetica;\"><strong><span style=\"font-size: 16px;\">Organisationen<\/span><\/strong><\/span><\/p>\n<p><span style=\"font-family: helvetica; font-size: 14px;\"><a href=\"http:\/\/www.fide.com\/\">FIDE &#8211; Welt Schachverband<\/a><br \/>\n<a href=\"http:\/\/www.schachbund.de\/\">DSB &#8211; Deutscher Schachbund<\/a><br \/>\n<a href=\"http:\/\/www.badischer-schachverband.de\/\">BSV &#8211; Badischer Schachverband<\/a><br \/>\n<a href=\"http:\/\/www.bdf-fernschachbund.de\/\">BDF- Deutscher Fernschachbund<\/a><br \/>\n<a href=\"http:\/\/www.desc-online.de\">DESC &#8211; Deutscher E-Mail Schachklub<\/a><\/span><br \/>\n<a href=\"http:\/\/www.sb-heidelberg.de\/v3\/index.php\"><span style=\"font-family: helvetica; font-size: 14px;\">Schachbezirk Heidelberg<\/span><\/a><br \/>\n<a href=\"http:\/\/www.bezirk10.schach-an-der-bergstrasse.info\/\">Schachbezirk Karlsruhe<\/a><br \/>\n<a href=\"http:\/\/www.bezirk10.schach-an-der-bergstrasse.info\/\">Schachbezirk 10 Bergstra\u00dfe (Hessen)<\/a><br \/>\n<a href=\"http:\/\/www.pfaelzischer-schachbund.de\/psb\/home.html\">Pf\u00e4lzischer Schachbund<br \/>\n<\/a><\/p>\n<p><strong><span style=\"font-family: helvetica; font-size: 16px;\">Andere<\/span><\/strong><\/p>\n<p><a href=\"http:\/\/schachbundesliga.de\/\">Schachbundesliga<\/a><br \/>\n<a href=\"http:\/\/www.schachbund.de\/SchachBL\/bedh.php?liga=2bls\">2. Schachbundesliga S\u00fcd<\/a><\/p>\n","protected":false},"excerpt":{"rendered":"<p>Organisationen FIDE &#8211; Welt Schachverband DSB &#8211; Deutscher Schachbund BSV &#8211; Badischer Schachverband BDF- Deutscher Fernschachbund DESC &#8211; Deutscher E-Mail Schachklub Schachbezirk Heidelberg Schachbezirk Karlsruhe Schachbezirk 10 Bergstra\u00dfe (Hessen) Pf\u00e4lzischer Schachbund Andere Schachbundesliga 2. Schachbundesliga S\u00fcd<\/p>\n","protected":false},"author":11,"featured_media":0,"parent":0,"menu_order":0,"comment_status":"closed","ping_status":"closed","template":"","meta":{"footnotes":""},"class_list":["post-269","page","type-page","status-publish","hentry"],"_links":{"self":[{"href":"http:\/\/sb-mannheim.badischer-schachverband.de\/wordpress\/index.php?rest_route=\/wp\/v2\/pages\/269","targetHints":{"allow":["GET"]}}],"collection":[{"href":"http:\/\/sb-mannheim.badischer-schachverband.de\/wordpress\/index.php?rest_route=\/wp\/v2\/pages"}],"about":[{"href":"http:\/\/sb-mannheim.badischer-schachverband.de\/wordpress\/index.php?rest_route=\/wp\/v2\/types\/page"}],"author":[{"embeddable":true,"href":"http:\/\/sb-mannheim.badischer-schachverband.de\/wordpress\/index.php?rest_route=\/wp\/v2\/users\/11"}],"replies":[{"embeddable":true,"href":"http:\/\/sb-mannheim.badischer-schachverband.de\/wordpress\/index.php?rest_route=%2Fwp%2Fv2%2Fcomments&post=269"}],"version-history":[{"count":0,"href":"http:\/\/sb-mannheim.badischer-schachverband.de\/wordpress\/index.php?rest_route=\/wp\/v2\/pages\/269\/revisions"}],"wp:attachment":[{"href":"http:\/\/sb-mannheim.badischer-schachverband.de\/wordpress\/index.php?rest_route=%2Fwp%2Fv2%2Fmedia&parent=269"}],"curies":[{"name":"wp","href":"https:\/\/api.w.org\/{rel}","templated":true}]}}